{"id":429,"date":"2020-04-28T21:25:46","date_gmt":"2020-04-29T00:25:46","guid":{"rendered":"http:\/\/guilhermeabreupsi.com.br\/?page_id=429"},"modified":"2025-10-27T23:37:09","modified_gmt":"2025-10-28T02:37:09","slug":"curriculo","status":"publish","type":"page","link":"https:\/\/guilhermeabreupsi.com.br\/?page_id=429","title":{"rendered":"Curr\u00edculo"},"content":{"rendered":"\t\t<div data-elementor-type=\"wp-page\" data-elementor-id=\"429\" class=\"elementor elementor-429\" data-elementor-settings=\"[]\">\n\t\t\t<div class=\"elementor-inner\">\n\t\t\t\t<div class=\"elementor-section-wrap\">\n\t\t\t\t\t\t\t<section class=\"elementor-element elementor-element-736824f elementor-section-boxed elementor-section-height-default elementor-section-height-default elementor-section elementor-top-section\" data-id=\"736824f\" data-element_type=\"section\">\n\t\t\t\t\t\t<div class=\"elementor-container elementor-column-gap-default\">\n\t\t\t\t<div class=\"elementor-row\">\n\t\t\t\t<div class=\"elementor-element elementor-element-ff182dd elementor-column elementor-col-100 elementor-top-column\" data-id=\"ff182dd\" data-element_type=\"column\">\n\t\t\t<div class=\"elementor-column-wrap  elementor-element-populated\">\n\t\t\t\t\t<div class=\"elementor-widget-wrap\">\n\t\t\t\t<div class=\"elementor-element elementor-element-3719480 elementor-widget elementor-widget-image\" data-id=\"3719480\" data-element_type=\"widget\" data-widget_type=\"image.default\">\n\t\t\t\t<div class=\"elementor-widget-container\">\n\t\t\t\t\t<div class=\"elementor-image\">\n\t\t\t\t\t\t\t\t\t\t<img loading=\"lazy\" decoding=\"async\" width=\"300\" height=\"300\" src=\"https:\/\/guilhermeabreupsi.com.br\/wp-content\/uploads\/2020\/04\/Guilherme-Abreu-Psicoterapia-Logo-5-1-1-300x300.png\" class=\"attachment-medium size-medium\" alt=\"\" srcset=\"https:\/\/guilhermeabreupsi.com.br\/wp-content\/uploads\/2020\/04\/Guilherme-Abreu-Psicoterapia-Logo-5-1-1-300x300.png 300w, https:\/\/guilhermeabreupsi.com.br\/wp-content\/uploads\/2020\/04\/Guilherme-Abreu-Psicoterapia-Logo-5-1-1-150x150.png 150w, https:\/\/guilhermeabreupsi.com.br\/wp-content\/uploads\/2020\/04\/Guilherme-Abreu-Psicoterapia-Logo-5-1-1-100x100.png 100w, https:\/\/guilhermeabreupsi.com.br\/wp-content\/uploads\/2020\/04\/Guilherme-Abreu-Psicoterapia-Logo-5-1-1-50x50.png 50w, https:\/\/guilhermeabreupsi.com.br\/wp-content\/uploads\/2020\/04\/Guilherme-Abreu-Psicoterapia-Logo-5-1-1.png 500w\" sizes=\"auto, (max-width: 300px) 100vw, 300px\" \/>\t\t\t\t\t\t\t\t\t\t\t<\/div>\n\t\t\t\t<\/div>\n\t\t\t\t<\/div>\n\t\t\t\t\t\t<\/div>\n\t\t\t<\/div>\n\t\t<\/div>\n\t\t\t\t\t\t<\/div>\n\t\t\t<\/div>\n\t\t<\/section>\n\t\t\t\t<section class=\"elementor-element elementor-element-e5cee4c elementor-section-boxed elementor-section-height-default elementor-section-height-default elementor-section elementor-top-section\" data-id=\"e5cee4c\" data-element_type=\"section\">\n\t\t\t\t\t\t<div class=\"elementor-container elementor-column-gap-default\">\n\t\t\t\t<div class=\"elementor-row\">\n\t\t\t\t<div class=\"elementor-element elementor-element-8daf24b elementor-column elementor-col-100 elementor-top-column\" data-id=\"8daf24b\" data-element_type=\"column\">\n\t\t\t<div class=\"elementor-column-wrap  elementor-element-populated\">\n\t\t\t\t\t<div class=\"elementor-widget-wrap\">\n\t\t\t\t<div class=\"elementor-element elementor-element-97658df elementor-widget elementor-widget-heading\" data-id=\"97658df\" data-element_type=\"widget\" data-widget_type=\"heading.default\">\n\t\t\t\t<div class=\"elementor-widget-container\">\n\t\t\t<h2 class=\"elementor-heading-title elementor-size-large\">FORMA\u00c7\u00c3O<\/h2>\t\t<\/div>\n\t\t\t\t<\/div>\n\t\t\t\t<div class=\"elementor-element elementor-element-082d4e2 elementor-widget elementor-widget-text-editor\" data-id=\"082d4e2\" data-element_type=\"widget\" data-widget_type=\"text-editor.default\">\n\t\t\t\t<div class=\"elementor-widget-container\">\n\t\t\t\t\t<div class=\"elementor-text-editor elementor-clearfix\"><ul><li>Gradua\u00e7\u00e3o: \u201cPsicologia\u201d com \u00eanfase em \u201cInterven\u00e7\u00f5es S\u00f3ciocl\u00ednicas\u201d pela Universidade FUMEC. Ano de conclus\u00e3o do curso &#8211; 2012.<\/li><li>P\u00f3s-Gradua\u00e7\u00e3o: \u201cEspecializa\u00e7\u00e3o em Psicoterapia Vincular Dial\u00e9tica\u201d pela Faculdade de Medicina da UFMG, em Parceria com a USP. Ano de conclus\u00e3o do curso &#8211; 2013.<\/li><li>Curso de \u201cAtualiza\u00e7\u00e3o em Psicologia M\u00e9dica\u201d pela Faculdade de Medicina da UFMG. Ano de conclus\u00e3o do curso &#8211; 2015.<\/li><li>Curso de \u201cGrupo de Estudos Psicanal\u00edticos da Escola Inglesa das Rela\u00e7\u00f5es Objetais\u201d, pelo \u201cIstituto Biaggi\u201d, em curso &#8211; de 2008 a 2025.<\/li><\/ul><\/div>\n\t\t\t\t<\/div>\n\t\t\t\t<\/div>\n\t\t\t\t\t\t<\/div>\n\t\t\t<\/div>\n\t\t<\/div>\n\t\t\t\t\t\t<\/div>\n\t\t\t<\/div>\n\t\t<\/section>\n\t\t\t\t<section class=\"elementor-element elementor-element-28f1696 elementor-section-boxed elementor-section-height-default elementor-section-height-default elementor-section elementor-top-section\" data-id=\"28f1696\" data-element_type=\"section\">\n\t\t\t\t\t\t<div class=\"elementor-container elementor-column-gap-default\">\n\t\t\t\t<div class=\"elementor-row\">\n\t\t\t\t<div class=\"elementor-element elementor-element-6d5f5e9 elementor-column elementor-col-100 elementor-top-column\" data-id=\"6d5f5e9\" data-element_type=\"column\">\n\t\t\t<div class=\"elementor-column-wrap  elementor-element-populated\">\n\t\t\t\t\t<div class=\"elementor-widget-wrap\">\n\t\t\t\t<div class=\"elementor-element elementor-element-66b27c4 elementor-widget elementor-widget-heading\" data-id=\"66b27c4\" data-element_type=\"widget\" data-widget_type=\"heading.default\">\n\t\t\t\t<div class=\"elementor-widget-container\">\n\t\t\t<h2 class=\"elementor-heading-title elementor-size-large\">EXPERI\u00caNCIA PROFISSIONAL<\/h2>\t\t<\/div>\n\t\t\t\t<\/div>\n\t\t\t\t<div class=\"elementor-element elementor-element-ecc41bc elementor-widget elementor-widget-text-editor\" data-id=\"ecc41bc\" data-element_type=\"widget\" data-widget_type=\"text-editor.default\">\n\t\t\t\t<div class=\"elementor-widget-container\">\n\t\t\t\t\t<div class=\"elementor-text-editor elementor-clearfix\"><ul><li>Cargo: Psic\u00f3logo Cl\u00ednico \u2013 CRP 04\/38539, consult\u00f3rio particular localizado na regi\u00e3o hospitalar de Belo Horizonte.<br \/>Principais atividades: Psicoterapia psicanal\u00edtica, orienta\u00e7\u00e3o familiar, terapia em grupo e acompanhamento terapeutico.<\/li><li>Coordena\u00e7\u00e3o de grupos para dependentes qu\u00edmicos como volunt\u00e1rio no Hospital E. Andr\u00e9 Luiz, entre 2008 e 2010.<\/li><li>Est\u00e1gio em psicoterapia e acompanhamento terapeutico, supervisionado pela cl\u00ednica da FUMEC, entre 2010 e 2012.<\/li><li>Experi\u00eancia profissional cl\u00ednica em consult\u00f3rio particular desde 2013. \u00c1reas de atua\u00e7\u00e3o: Psicoterapia psicanal\u00edtica, atendimento de casais, orienta\u00e7\u00e3o familiar, coordena\u00e7\u00e3o de grupos para dependentes qu\u00edmicos, grupos para familiares de dependentes qu\u00edmicos.<\/li><li>Psic\u00f3logo Cl\u00ednico da \u201cCl\u00ednica Social de Psicoterapia\u201d, entre 2015 e 2016.<\/li><li>Acolhimento e testagem psicol\u00f3gica dos funcion\u00e1rios sobreviventes da empresa &#8220;Vale&#8221;, em Brumadinho, 2019.<\/li><\/ul><\/div>\n\t\t\t\t<\/div>\n\t\t\t\t<\/div>\n\t\t\t\t<div class=\"elementor-element elementor-element-8c926ec elementor-align-center elementor-widget elementor-widget-button\" data-id=\"8c926ec\" data-element_type=\"widget\" data-widget_type=\"button.default\">\n\t\t\t\t<div class=\"elementor-widget-container\">\n\t\t\t\t\t<div class=\"elementor-button-wrapper\">\n\t\t\t<a href=\"http:\/\/guilhermeabreupsi.com.br\/\" class=\"elementor-button-link elementor-button elementor-size-sm\" role=\"button\">\n\t\t\t\t\t\t<span class=\"elementor-button-content-wrapper\">\n\t\t\t\t\t\t<span class=\"elementor-button-text\">Retornar<\/span>\n\t\t<\/span>\n\t\t\t\t\t<\/a>\n\t\t<\/div>\n\t\t\t\t<\/div>\n\t\t\t\t<\/div>\n\t\t\t\t\t\t<\/div>\n\t\t\t<\/div>\n\t\t<\/div>\n\t\t\t\t\t\t<\/div>\n\t\t\t<\/div>\n\t\t<\/section>\n\t\t\t\t\t\t<\/div>\n\t\t\t<\/div>\n\t\t<\/div>\n\t\t","protected":false},"excerpt":{"rendered":"<p>FORMA\u00c7\u00c3O Gradua\u00e7\u00e3o: \u201cPsicologia\u201d com \u00eanfase em \u201cInterven\u00e7\u00f5es S\u00f3ciocl\u00ednicas\u201d pela Universidade FUMEC. Ano de conclus\u00e3o do curso &#8211; 2012. P\u00f3s-Gradua\u00e7\u00e3o: \u201cEspecializa\u00e7\u00e3o em Psicoterapia Vincular Dial\u00e9tica\u201d pela Faculdade de Medicina da UFMG, em Parceria com a USP.<span class=\"more-button\"><a href=\"https:\/\/guilhermeabreupsi.com.br\/?page_id=429\" class=\"more-link\">Continue reading<span class=\"screen-reader-text\">Curr\u00edculo<\/span><i class=\"fa fa-angle-right\" aria-hidden=\"true\"><\/i><\/a><\/span><\/p>\n","protected":false},"author":1,"featured_media":0,"parent":0,"menu_order":0,"comment_status":"closed","ping_status":"closed","template":"elementor_canvas","meta":{"footnotes":""},"class_list":["post-429","page","type-page","status-publish","hentry"],"_links":{"self":[{"href":"https:\/\/guilhermeabreupsi.com.br\/index.php?rest_route=\/wp\/v2\/pages\/429","targetHints":{"allow":["GET"]}}],"collection":[{"href":"https:\/\/guilhermeabreupsi.com.br\/index.php?rest_route=\/wp\/v2\/pages"}],"about":[{"href":"https:\/\/guilhermeabreupsi.com.br\/index.php?rest_route=\/wp\/v2\/types\/page"}],"author":[{"embeddable":true,"href":"https:\/\/guilhermeabreupsi.com.br\/index.php?rest_route=\/wp\/v2\/users\/1"}],"replies":[{"embeddable":true,"href":"https:\/\/guilhermeabreupsi.com.br\/index.php?rest_route=%2Fwp%2Fv2%2Fcomments&post=429"}],"version-history":[{"count":19,"href":"https:\/\/guilhermeabreupsi.com.br\/index.php?rest_route=\/wp\/v2\/pages\/429\/revisions"}],"predecessor-version":[{"id":542,"href":"https:\/\/guilhermeabreupsi.com.br\/index.php?rest_route=\/wp\/v2\/pages\/429\/revisions\/542"}],"wp:attachment":[{"href":"https:\/\/guilhermeabreupsi.com.br\/index.php?rest_route=%2Fwp%2Fv2%2Fmedia&parent=429"}],"curies":[{"name":"wp","href":"https:\/\/api.w.org\/{rel}","templated":true}]}}