{"id":371,"date":"2020-04-27T19:41:49","date_gmt":"2020-04-27T22:41:49","guid":{"rendered":"http:\/\/guilhermeabreupsi.com.br\/?page_id=371"},"modified":"2025-10-27T23:27:15","modified_gmt":"2025-10-28T02:27:15","slug":"inicio","status":"publish","type":"page","link":"https:\/\/guilhermeabreupsi.com.br\/","title":{"rendered":"In\u00edcio"},"content":{"rendered":"\t\t<div data-elementor-type=\"wp-page\" data-elementor-id=\"371\" class=\"elementor elementor-371\" data-elementor-settings=\"[]\">\n\t\t\t<div class=\"elementor-inner\">\n\t\t\t\t<div class=\"elementor-section-wrap\">\n\t\t\t\t\t\t\t<section class=\"elementor-element elementor-element-e5ede82 elementor-section-boxed elementor-section-height-default elementor-section-height-default elementor-invisible elementor-section elementor-top-section\" data-id=\"e5ede82\" data-element_type=\"section\" data-settings=\"{&quot;animation&quot;:&quot;fadeIn&quot;}\">\n\t\t\t\t\t\t<div class=\"elementor-container elementor-column-gap-default\">\n\t\t\t\t<div class=\"elementor-row\">\n\t\t\t\t<div class=\"elementor-element elementor-element-6739cf5 elementor-column elementor-col-50 elementor-top-column\" data-id=\"6739cf5\" data-element_type=\"column\">\n\t\t\t<div class=\"elementor-column-wrap  elementor-element-populated\">\n\t\t\t\t\t<div class=\"elementor-widget-wrap\">\n\t\t\t\t<div class=\"elementor-element elementor-element-f13e131 elementor-widget elementor-widget-image\" data-id=\"f13e131\" data-element_type=\"widget\" data-widget_type=\"image.default\">\n\t\t\t\t<div class=\"elementor-widget-container\">\n\t\t\t\t\t<div class=\"elementor-image\">\n\t\t\t\t\t\t\t\t\t\t<img loading=\"lazy\" decoding=\"async\" width=\"500\" height=\"500\" src=\"https:\/\/guilhermeabreupsi.com.br\/wp-content\/uploads\/2020\/04\/Guilherme-Abreu-Psicoterapia-Logo-5-1-1.png\" class=\"attachment-large size-large\" alt=\"\" srcset=\"https:\/\/guilhermeabreupsi.com.br\/wp-content\/uploads\/2020\/04\/Guilherme-Abreu-Psicoterapia-Logo-5-1-1.png 500w, https:\/\/guilhermeabreupsi.com.br\/wp-content\/uploads\/2020\/04\/Guilherme-Abreu-Psicoterapia-Logo-5-1-1-300x300.png 300w, https:\/\/guilhermeabreupsi.com.br\/wp-content\/uploads\/2020\/04\/Guilherme-Abreu-Psicoterapia-Logo-5-1-1-150x150.png 150w, https:\/\/guilhermeabreupsi.com.br\/wp-content\/uploads\/2020\/04\/Guilherme-Abreu-Psicoterapia-Logo-5-1-1-100x100.png 100w, https:\/\/guilhermeabreupsi.com.br\/wp-content\/uploads\/2020\/04\/Guilherme-Abreu-Psicoterapia-Logo-5-1-1-50x50.png 50w\" sizes=\"auto, (max-width: 500px) 100vw, 500px\" \/>\t\t\t\t\t\t\t\t\t\t\t<\/div>\n\t\t\t\t<\/div>\n\t\t\t\t<\/div>\n\t\t\t\t\t\t<\/div>\n\t\t\t<\/div>\n\t\t<\/div>\n\t\t\t\t<div class=\"elementor-element elementor-element-8769080 elementor-column elementor-col-50 elementor-top-column\" data-id=\"8769080\" data-element_type=\"column\">\n\t\t\t<div class=\"elementor-column-wrap  elementor-element-populated\">\n\t\t\t\t\t<div class=\"elementor-widget-wrap\">\n\t\t\t\t<div class=\"elementor-element elementor-element-fffd723 elementor-hidden-phone elementor-widget elementor-widget-text-editor\" data-id=\"fffd723\" data-element_type=\"widget\" data-widget_type=\"text-editor.default\">\n\t\t\t\t<div class=\"elementor-widget-container\">\n\t\t\t\t\t<div class=\"elementor-text-editor elementor-clearfix\"><p>\u00a0<\/p><p><span style=\"text-decoration: underline;\"><strong><a href=\"#Psicoterapia\">Sobre a Psicoterapia<\/a><\/strong><\/span><\/p><p><span style=\"text-decoration: underline;\"><strong><a href=\"#Online\">Atendimento Online<\/a><\/strong><\/span><\/p><p><span style=\"text-decoration: underline;\"><strong><a href=\"#Presencial\">Atendimento Presencial<\/a><\/strong><\/span><\/p><p><span style=\"text-decoration: underline;\"><strong><a href=\"#Formacao\">Forma\u00e7\u00e3o<\/a><\/strong><\/span><\/p><p><span style=\"text-decoration: underline;\"><strong><a href=\"#Consulta\">Agende uma Consulta<\/a><\/strong><\/span><\/p><\/div>\n\t\t\t\t<\/div>\n\t\t\t\t<\/div>\n\t\t\t\t\t\t<\/div>\n\t\t\t<\/div>\n\t\t<\/div>\n\t\t\t\t\t\t<\/div>\n\t\t\t<\/div>\n\t\t<\/section>\n\t\t\t\t<section class=\"elementor-element elementor-element-d6703fa elementor-section-boxed elementor-section-height-default elementor-section-height-default elementor-section elementor-top-section\" data-id=\"d6703fa\" data-element_type=\"section\">\n\t\t\t\t\t\t<div class=\"elementor-container elementor-column-gap-default\">\n\t\t\t\t<div class=\"elementor-row\">\n\t\t\t\t<div class=\"elementor-element elementor-element-7c0c724 elementor-column elementor-col-100 elementor-top-column\" data-id=\"7c0c724\" data-element_type=\"column\">\n\t\t\t<div class=\"elementor-column-wrap  elementor-element-populated\">\n\t\t\t\t\t<div class=\"elementor-widget-wrap\">\n\t\t\t\t<div class=\"elementor-element elementor-element-f11e98b elementor-widget elementor-widget-text-editor\" data-id=\"f11e98b\" data-element_type=\"widget\" data-widget_type=\"text-editor.default\">\n\t\t\t\t<div class=\"elementor-widget-container\">\n\t\t\t\t\t<div class=\"elementor-text-editor elementor-clearfix\"><p>&#8220;Um dia, quando olhares para tr\u00e1s, ver\u00e1 que os dias mais belos foram aqueles em que lutaste&#8221; FREUD, Sigmund<\/p><\/div>\n\t\t\t\t<\/div>\n\t\t\t\t<\/div>\n\t\t\t\t\t\t<\/div>\n\t\t\t<\/div>\n\t\t<\/div>\n\t\t\t\t\t\t<\/div>\n\t\t\t<\/div>\n\t\t<\/section>\n\t\t\t\t<section class=\"elementor-element elementor-element-2cec5f8 elementor-section-boxed elementor-section-height-default elementor-section-height-default elementor-section elementor-top-section\" data-id=\"2cec5f8\" data-element_type=\"section\">\n\t\t\t\t\t\t<div class=\"elementor-container elementor-column-gap-default\">\n\t\t\t\t<div class=\"elementor-row\">\n\t\t\t\t<div class=\"elementor-element elementor-element-6b6d64f elementor-column elementor-col-100 elementor-top-column\" data-id=\"6b6d64f\" data-element_type=\"column\">\n\t\t\t<div class=\"elementor-column-wrap  elementor-element-populated\">\n\t\t\t\t\t<div class=\"elementor-widget-wrap\">\n\t\t\t\t<div class=\"elementor-element elementor-element-18bce02 elementor-widget elementor-widget-image\" data-id=\"18bce02\" data-element_type=\"widget\" data-widget_type=\"image.default\">\n\t\t\t\t<div class=\"elementor-widget-container\">\n\t\t\t\t\t<div class=\"elementor-image\">\n\t\t\t\t\t\t\t\t\t\t<img loading=\"lazy\" decoding=\"async\" width=\"614\" height=\"410\" src=\"https:\/\/guilhermeabreupsi.com.br\/wp-content\/uploads\/2020\/04\/WhatsApp-Image-2020-04-28-at-19.47.54-1.jpeg\" class=\"attachment-large size-large\" alt=\"\" srcset=\"https:\/\/guilhermeabreupsi.com.br\/wp-content\/uploads\/2020\/04\/WhatsApp-Image-2020-04-28-at-19.47.54-1.jpeg 614w, https:\/\/guilhermeabreupsi.com.br\/wp-content\/uploads\/2020\/04\/WhatsApp-Image-2020-04-28-at-19.47.54-1-300x200.jpeg 300w, https:\/\/guilhermeabreupsi.com.br\/wp-content\/uploads\/2020\/04\/WhatsApp-Image-2020-04-28-at-19.47.54-1-180x120.jpeg 180w\" sizes=\"auto, (max-width: 614px) 100vw, 614px\" \/>\t\t\t\t\t\t\t\t\t\t\t<\/div>\n\t\t\t\t<\/div>\n\t\t\t\t<\/div>\n\t\t\t\t\t\t<\/div>\n\t\t\t<\/div>\n\t\t<\/div>\n\t\t\t\t\t\t<\/div>\n\t\t\t<\/div>\n\t\t<\/section>\n\t\t\t\t<section class=\"elementor-element elementor-element-fb2ee2b elementor-section-boxed elementor-section-height-default elementor-section-height-default elementor-section elementor-top-section\" data-id=\"fb2ee2b\" data-element_type=\"section\" data-settings=\"{&quot;background_background&quot;:&quot;classic&quot;}\">\n\t\t\t\t\t\t<div class=\"elementor-container elementor-column-gap-narrow\">\n\t\t\t\t<div class=\"elementor-row\">\n\t\t\t\t<div class=\"elementor-element elementor-element-bb689e7 elementor-column elementor-col-100 elementor-top-column\" data-id=\"bb689e7\" data-element_type=\"column\">\n\t\t\t<div class=\"elementor-column-wrap  elementor-element-populated\">\n\t\t\t\t\t<div class=\"elementor-widget-wrap\">\n\t\t\t\t<div class=\"elementor-element elementor-element-f37aab4 elementor-widget elementor-widget-menu-anchor\" data-id=\"f37aab4\" data-element_type=\"widget\" data-widget_type=\"menu-anchor.default\">\n\t\t\t\t<div class=\"elementor-widget-container\">\n\t\t\t\t\t<div id=\"Psicoterapia\" class=\"elementor-menu-anchor\"><\/div>\n\t\t\t\t<\/div>\n\t\t\t\t<\/div>\n\t\t\t\t<div class=\"elementor-element elementor-element-e6311ff elementor-widget elementor-widget-heading\" data-id=\"e6311ff\" data-element_type=\"widget\" data-widget_type=\"heading.default\">\n\t\t\t\t<div class=\"elementor-widget-container\">\n\t\t\t<h2 class=\"elementor-heading-title elementor-size-large\">Sobre a Psicoterapia<\/h2>\t\t<\/div>\n\t\t\t\t<\/div>\n\t\t\t\t<div class=\"elementor-element elementor-element-dfef21e elementor-widget elementor-widget-text-editor\" data-id=\"dfef21e\" data-element_type=\"widget\" data-widget_type=\"text-editor.default\">\n\t\t\t\t<div class=\"elementor-widget-container\">\n\t\t\t\t\t<div class=\"elementor-text-editor elementor-clearfix\"><p>Os la\u00e7os criados em uma boa rela\u00e7\u00e3o psicanal\u00edtica tem nos mostrado, dia ap\u00f3s dia, com o apoio de diversas pesquisas realizadas no campo das neuroci\u00eancias, o seu potencial de transforma\u00e7\u00e3o, propiciando crescimento e expans\u00e3o mental \u00e0queles que usufruem da pr\u00e1tica. Durante o processo psicoterap\u00eautico, o desejo de mergulhar nas \u00e1guas do desconhecido, acompanhado de um profissional devidamente capacitado para a compreens\u00e3o dos tipos de v\u00ednculos ali presentes, \u00e9 a chave para a busca do conhecimento das ang\u00fastias e mem\u00f3rias sensoriais mais profundas, que precisam de s\u00edmbolos, sonhos, e que permitam, assim, a elabora\u00e7\u00e3o de uma capacidade imaginativa suficientemente boa, essencial para um saud\u00e1vel funcionamento do aparelho ps\u00edquico. Estes primitivos sentimentos, associados \u00e0 pensamentos que se encontram imobilizados inconscientemente, fonte da origem de in\u00fameras doen\u00e7as, quando em movimento, preparam um terreno f\u00e9rtil para que brotem as verdades emocionais no encontro entre psicoterapeuta e paciente, e deste modo, as novas formas de vis\u00e3o da realidade subjetiva pessoal, e compartilhada, podem vir a ser constru\u00eddas a quatro m\u00e3os.<\/p><p><strong><em>&#8220;Quando sonho os sonhos n\u00e3o vividos, realizo-os em um piscar de olhos, ao levantar das p\u00e1lpebras, naquele instante, o mundo j\u00e1 n\u00e3o \u00e9 mais o mesmo, tenho algu\u00e9m para compartilhar o que vejo&#8221;.<\/em><\/strong><\/p><\/div>\n\t\t\t\t<\/div>\n\t\t\t\t<\/div>\n\t\t\t\t\t\t<\/div>\n\t\t\t<\/div>\n\t\t<\/div>\n\t\t\t\t\t\t<\/div>\n\t\t\t<\/div>\n\t\t<\/section>\n\t\t\t\t<section class=\"elementor-element elementor-element-af1845a elementor-section-boxed elementor-section-height-default elementor-section-height-default elementor-section elementor-top-section\" data-id=\"af1845a\" data-element_type=\"section\" data-settings=\"{&quot;background_background&quot;:&quot;classic&quot;}\">\n\t\t\t\t\t\t<div class=\"elementor-container elementor-column-gap-default\">\n\t\t\t\t<div class=\"elementor-row\">\n\t\t\t\t<div class=\"elementor-element elementor-element-aed38da elementor-column elementor-col-100 elementor-top-column\" data-id=\"aed38da\" data-element_type=\"column\">\n\t\t\t<div class=\"elementor-column-wrap  elementor-element-populated\">\n\t\t\t\t\t<div class=\"elementor-widget-wrap\">\n\t\t\t\t<div class=\"elementor-element elementor-element-3fb9f9c elementor-widget elementor-widget-menu-anchor\" data-id=\"3fb9f9c\" data-element_type=\"widget\" data-widget_type=\"menu-anchor.default\">\n\t\t\t\t<div class=\"elementor-widget-container\">\n\t\t\t\t\t<div id=\"Online\" class=\"elementor-menu-anchor\"><\/div>\n\t\t\t\t<\/div>\n\t\t\t\t<\/div>\n\t\t\t\t<div class=\"elementor-element elementor-element-e7e6364 elementor-widget elementor-widget-heading\" data-id=\"e7e6364\" data-element_type=\"widget\" data-widget_type=\"heading.default\">\n\t\t\t\t<div class=\"elementor-widget-container\">\n\t\t\t<h2 class=\"elementor-heading-title elementor-size-large\">Atendimento Online<\/h2>\t\t<\/div>\n\t\t\t\t<\/div>\n\t\t\t\t<div class=\"elementor-element elementor-element-42bf4b4 elementor-widget elementor-widget-text-editor\" data-id=\"42bf4b4\" data-element_type=\"widget\" data-widget_type=\"text-editor.default\">\n\t\t\t\t<div class=\"elementor-widget-container\">\n\t\t\t\t\t<div class=\"elementor-text-editor elementor-clearfix\"><p>Com o desenvolvimento dos ve\u00edculos de comunica\u00e7\u00e3o \u00e0 dist\u00e2ncia, a psicoterapia online v\u00eam sendo uma alternativa de atendimento extremamente necess\u00e1ria e eficiente, sendo uma op\u00e7\u00e3o, seja pelas dificuldades de deslocamento, ou por outras demandas contempor\u00e2neas que impossibilitam o atendimento presencial. Os atendimentos s\u00e3o realizados atrav\u00e9s de videoconfer\u00eancia por via de aplicativos com chamadas em tempo real, ou liga\u00e7\u00e3o telef\u00f4nica. Para que surjam os mesmos efeitos de uma psicoterapia convencional, e presencial, \u00e9 necess\u00e1rio a disponibilidade de um ambiente privado, sem a presen\u00e7a de outras pessoas ou ru\u00eddos que porventura possam dificultar o processo, podendo assim se manter o compromisso com a \u00e9tica e objetivos da profiss\u00e3o.<\/p><\/div>\n\t\t\t\t<\/div>\n\t\t\t\t<\/div>\n\t\t\t\t\t\t<\/div>\n\t\t\t<\/div>\n\t\t<\/div>\n\t\t\t\t\t\t<\/div>\n\t\t\t<\/div>\n\t\t<\/section>\n\t\t\t\t<section class=\"elementor-element elementor-element-841af3a elementor-section-boxed elementor-section-height-default elementor-section-height-default elementor-section elementor-top-section\" data-id=\"841af3a\" data-element_type=\"section\" data-settings=\"{&quot;background_background&quot;:&quot;classic&quot;}\">\n\t\t\t\t\t\t<div class=\"elementor-container elementor-column-gap-default\">\n\t\t\t\t<div class=\"elementor-row\">\n\t\t\t\t<div class=\"elementor-element elementor-element-636855e elementor-column elementor-col-100 elementor-top-column\" data-id=\"636855e\" data-element_type=\"column\">\n\t\t\t<div class=\"elementor-column-wrap  elementor-element-populated\">\n\t\t\t\t\t<div class=\"elementor-widget-wrap\">\n\t\t\t\t<div class=\"elementor-element elementor-element-08df298 elementor-widget elementor-widget-menu-anchor\" data-id=\"08df298\" data-element_type=\"widget\" data-widget_type=\"menu-anchor.default\">\n\t\t\t\t<div class=\"elementor-widget-container\">\n\t\t\t\t\t<div id=\"Presencial\" class=\"elementor-menu-anchor\"><\/div>\n\t\t\t\t<\/div>\n\t\t\t\t<\/div>\n\t\t\t\t<div class=\"elementor-element elementor-element-e4f69a0 elementor-widget elementor-widget-heading\" data-id=\"e4f69a0\" data-element_type=\"widget\" data-widget_type=\"heading.default\">\n\t\t\t\t<div class=\"elementor-widget-container\">\n\t\t\t<h2 class=\"elementor-heading-title elementor-size-large\">Atendimento Presencial<\/h2>\t\t<\/div>\n\t\t\t\t<\/div>\n\t\t\t\t<div class=\"elementor-element elementor-element-67c753c elementor-widget elementor-widget-text-editor\" data-id=\"67c753c\" data-element_type=\"widget\" data-widget_type=\"text-editor.default\">\n\t\t\t\t<div class=\"elementor-widget-container\">\n\t\t\t\t\t<div class=\"elementor-text-editor elementor-clearfix\"><p>Consult\u00f3rio localizado na regi\u00e3o hospitalar de Belo Horizonte com estrutura pronta para realiza\u00e7\u00e3o de psicoterapia individual, atendimento de casais, orienta\u00e7\u00e3o familiar, e grupos terap\u00eauticos. Tratamento psicanal\u00edtico para sintomas de ansiedade, depend\u00eancias, s\u00edndrome do p\u00e2nico, psicoses, depress\u00e3o e transtornos afetivos em geral. Planos diferenciados para cada tipo e gravidade dos sintomas apresentados, podendo abranger um trabalho transdisciplinar, com a participa\u00e7\u00e3o de outros profissionais de confian\u00e7a da \u00e1rea da sa\u00fade, integrando v\u00e1rias linhas do conhecimento acerca das teorias do desenvolvimento humano, para compreens\u00e3o, e atua\u00e7\u00e3o compartilhada no tratamento, sempre com foco no crescimento e sa\u00fade mental dos pacientes. <br \/>Endere\u00e7o:<br \/>Rua Piau\u00ed 69, sala 203<br \/>Santa Efig\u00eania. Belo Horizonte &#8211; MG<\/p><\/div>\n\t\t\t\t<\/div>\n\t\t\t\t<\/div>\n\t\t\t\t<div class=\"elementor-element elementor-element-adfc12d elementor-widget elementor-widget-google_maps\" data-id=\"adfc12d\" data-element_type=\"widget\" data-widget_type=\"google_maps.default\">\n\t\t\t\t<div class=\"elementor-widget-container\">\n\t\t\t<div class=\"elementor-custom-embed\"><iframe frameborder=\"0\" scrolling=\"no\" marginheight=\"0\" marginwidth=\"0\" src=\"https:\/\/maps.google.com\/maps?q=Rua%20Piau%C3%AD%2C%2069%2C%20Santa%20Efig%C3%AAnia%2C%20Belo%20Horizonte%2C%20MG&amp;t=m&amp;z=14&amp;output=embed&amp;iwloc=near\" aria-label=\"Rua Piau\u00ed, 69, Santa Efig\u00eania, Belo Horizonte, MG\"><\/iframe><\/div>\t\t<\/div>\n\t\t\t\t<\/div>\n\t\t\t\t\t\t<\/div>\n\t\t\t<\/div>\n\t\t<\/div>\n\t\t\t\t\t\t<\/div>\n\t\t\t<\/div>\n\t\t<\/section>\n\t\t\t\t<section class=\"elementor-element elementor-element-502ce3a elementor-section-boxed elementor-section-height-default elementor-section-height-default elementor-section elementor-top-section\" data-id=\"502ce3a\" data-element_type=\"section\">\n\t\t\t\t\t\t<div class=\"elementor-container elementor-column-gap-default\">\n\t\t\t\t<div class=\"elementor-row\">\n\t\t\t\t<div class=\"elementor-element elementor-element-3b8b221 elementor-column elementor-col-100 elementor-top-column\" data-id=\"3b8b221\" data-element_type=\"column\">\n\t\t\t<div class=\"elementor-column-wrap  elementor-element-populated\">\n\t\t\t\t\t<div class=\"elementor-widget-wrap\">\n\t\t\t\t<section class=\"elementor-element elementor-element-382caaa elementor-section-boxed elementor-section-height-default elementor-section-height-default elementor-section elementor-inner-section\" data-id=\"382caaa\" data-element_type=\"section\" data-settings=\"{&quot;background_background&quot;:&quot;classic&quot;}\">\n\t\t\t\t\t\t<div class=\"elementor-container elementor-column-gap-default\">\n\t\t\t\t<div class=\"elementor-row\">\n\t\t\t\t<div class=\"elementor-element elementor-element-cc45740 elementor-column elementor-col-50 elementor-inner-column\" data-id=\"cc45740\" data-element_type=\"column\">\n\t\t\t<div class=\"elementor-column-wrap  elementor-element-populated\">\n\t\t\t\t\t<div class=\"elementor-widget-wrap\">\n\t\t\t\t<div class=\"elementor-element elementor-element-cff12ff elementor-widget elementor-widget-menu-anchor\" data-id=\"cff12ff\" data-element_type=\"widget\" data-widget_type=\"menu-anchor.default\">\n\t\t\t\t<div class=\"elementor-widget-container\">\n\t\t\t\t\t<div id=\"Formacao\" class=\"elementor-menu-anchor\"><\/div>\n\t\t\t\t<\/div>\n\t\t\t\t<\/div>\n\t\t\t\t<div class=\"elementor-element elementor-element-6a0216a elementor-widget elementor-widget-heading\" data-id=\"6a0216a\" data-element_type=\"widget\" data-widget_type=\"heading.default\">\n\t\t\t\t<div class=\"elementor-widget-container\">\n\t\t\t<h2 class=\"elementor-heading-title elementor-size-large\">Forma\u00e7\u00e3o<\/h2>\t\t<\/div>\n\t\t\t\t<\/div>\n\t\t\t\t<div class=\"elementor-element elementor-element-ed1c815 elementor-widget elementor-widget-text-editor\" data-id=\"ed1c815\" data-element_type=\"widget\" data-widget_type=\"text-editor.default\">\n\t\t\t\t<div class=\"elementor-widget-container\">\n\t\t\t\t\t<div class=\"elementor-text-editor elementor-clearfix\"><ul><li>Graduado em \u201cPsicologia\u201d com \u00eanfase em \u201cInterven\u00e7\u00f5es S\u00f3ciocl\u00ednicas\u201d pela Universidade FUMEC (2012).<\/li><li>P\u00f3s-graduado no curso de \u201cEspecializa\u00e7\u00e3o em Psicoterapia Vincular Dial\u00e9tica\u201d, pela Faculdade de Medicina da UFMG, em Parceria com a USP (2013).<\/li><li>Curso de \u201cGrupo de Estudos Psicanal\u00edticos da Escola Inglesa das Rela\u00e7\u00f5es Objetais\u201d pelo \u201cIstituto Biaggi\u201d, em curso (de 2008 a 2025).<\/li><\/ul><\/div>\n\t\t\t\t<\/div>\n\t\t\t\t<\/div>\n\t\t\t\t<div class=\"elementor-element elementor-element-9219a6c elementor-align-center elementor-widget elementor-widget-button\" data-id=\"9219a6c\" data-element_type=\"widget\" data-widget_type=\"button.default\">\n\t\t\t\t<div class=\"elementor-widget-container\">\n\t\t\t\t\t<div class=\"elementor-button-wrapper\">\n\t\t\t<a href=\"http:\/\/guilhermeabreupsi.com.br\/?page_id=429\" class=\"elementor-button-link elementor-button elementor-size-sm\" role=\"button\">\n\t\t\t\t\t\t<span class=\"elementor-button-content-wrapper\">\n\t\t\t\t\t\t<span class=\"elementor-button-text\">Curr\u00edculo<\/span>\n\t\t<\/span>\n\t\t\t\t\t<\/a>\n\t\t<\/div>\n\t\t\t\t<\/div>\n\t\t\t\t<\/div>\n\t\t\t\t\t\t<\/div>\n\t\t\t<\/div>\n\t\t<\/div>\n\t\t\t\t<div class=\"elementor-element elementor-element-f66dd3e elementor-column elementor-col-50 elementor-inner-column\" data-id=\"f66dd3e\" data-element_type=\"column\">\n\t\t\t<div class=\"elementor-column-wrap  elementor-element-populated\">\n\t\t\t\t\t<div class=\"elementor-widget-wrap\">\n\t\t\t\t<div class=\"elementor-element elementor-element-5272ac5 elementor-widget elementor-widget-image\" data-id=\"5272ac5\" data-element_type=\"widget\" data-widget_type=\"image.default\">\n\t\t\t\t<div class=\"elementor-widget-container\">\n\t\t\t\t\t<div class=\"elementor-image\">\n\t\t\t\t\t\t\t\t\t\t<img loading=\"lazy\" decoding=\"async\" width=\"216\" height=\"300\" src=\"https:\/\/guilhermeabreupsi.com.br\/wp-content\/uploads\/2020\/04\/pp2-216x300.jpg\" class=\"attachment-medium size-medium\" alt=\"\" srcset=\"https:\/\/guilhermeabreupsi.com.br\/wp-content\/uploads\/2020\/04\/pp2-216x300.jpg 216w, https:\/\/guilhermeabreupsi.com.br\/wp-content\/uploads\/2020\/04\/pp2.jpg 333w\" sizes=\"auto, (max-width: 216px) 100vw, 216px\" \/>\t\t\t\t\t\t\t\t\t\t\t<\/div>\n\t\t\t\t<\/div>\n\t\t\t\t<\/div>\n\t\t\t\t\t\t<\/div>\n\t\t\t<\/div>\n\t\t<\/div>\n\t\t\t\t\t\t<\/div>\n\t\t\t<\/div>\n\t\t<\/section>\n\t\t\t\t\t\t<\/div>\n\t\t\t<\/div>\n\t\t<\/div>\n\t\t\t\t\t\t<\/div>\n\t\t\t<\/div>\n\t\t<\/section>\n\t\t\t\t<section class=\"elementor-element elementor-element-def6113 elementor-section-boxed elementor-section-height-default elementor-section-height-default elementor-section elementor-top-section\" data-id=\"def6113\" data-element_type=\"section\" data-settings=\"{&quot;background_background&quot;:&quot;classic&quot;}\">\n\t\t\t\t\t\t<div class=\"elementor-container elementor-column-gap-default\">\n\t\t\t\t<div class=\"elementor-row\">\n\t\t\t\t<div class=\"elementor-element elementor-element-58f0a79 elementor-column elementor-col-100 elementor-top-column\" data-id=\"58f0a79\" data-element_type=\"column\">\n\t\t\t<div class=\"elementor-column-wrap  elementor-element-populated\">\n\t\t\t\t\t<div class=\"elementor-widget-wrap\">\n\t\t\t\t<div class=\"elementor-element elementor-element-da3e8e3 elementor-widget elementor-widget-menu-anchor\" data-id=\"da3e8e3\" data-element_type=\"widget\" data-widget_type=\"menu-anchor.default\">\n\t\t\t\t<div class=\"elementor-widget-container\">\n\t\t\t\t\t<div id=\"Consulta\" class=\"elementor-menu-anchor\"><\/div>\n\t\t\t\t<\/div>\n\t\t\t\t<\/div>\n\t\t\t\t<div class=\"elementor-element elementor-element-531b6ba elementor-widget elementor-widget-heading\" data-id=\"531b6ba\" data-element_type=\"widget\" data-widget_type=\"heading.default\">\n\t\t\t\t<div class=\"elementor-widget-container\">\n\t\t\t<h2 class=\"elementor-heading-title elementor-size-large\">Agende uma Consulta<\/h2>\t\t<\/div>\n\t\t\t\t<\/div>\n\t\t\t\t<div class=\"elementor-element elementor-element-bfa331a elementor-shape-rounded elementor-widget elementor-widget-social-icons\" data-id=\"bfa331a\" data-element_type=\"widget\" data-widget_type=\"social-icons.default\">\n\t\t\t\t<div class=\"elementor-widget-container\">\n\t\t\t\t\t<div class=\"elementor-social-icons-wrapper\">\n\t\t\t\t\t\t\t<a class=\"elementor-icon elementor-social-icon elementor-social-icon-whatsapp elementor-repeater-item-5862b9f\" href=\"https:\/\/api.whatsapp.com\/send?phone=5531987519551&amp;text=Ol%C3%A1%2C%20Dr.%20Guilherme%20Abreu\" target=\"_blank\">\n\t\t\t\t\t<span class=\"elementor-screen-only\">Whatsapp<\/span>\n\t\t\t\t\t<i class=\"fab fa-whatsapp\"><\/i>\t\t\t\t<\/a>\n\t\t\t\t\t\t\t<a class=\"elementor-icon elementor-social-icon elementor-social-icon-envelope elementor-repeater-item-a578128\" href=\"mailto:contato@guilhermeabreupsi.com.br\" target=\"_blank\">\n\t\t\t\t\t<span class=\"elementor-screen-only\">Envelope<\/span>\n\t\t\t\t\t<i class=\"fas fa-envelope\"><\/i>\t\t\t\t<\/a>\n\t\t\t\t\t<\/div>\n\t\t\t\t<\/div>\n\t\t\t\t<\/div>\n\t\t\t\t<div class=\"elementor-element elementor-element-f4bc905 elementor-widget elementor-widget-text-editor\" data-id=\"f4bc905\" data-element_type=\"widget\" data-widget_type=\"text-editor.default\">\n\t\t\t\t<div class=\"elementor-widget-container\">\n\t\t\t\t\t<div class=\"elementor-text-editor elementor-clearfix\"><p><span style=\"background-color: transparent;\">Ou ligue para (31) 98751-9551<\/span><br><\/p><\/div>\n\t\t\t\t<\/div>\n\t\t\t\t<\/div>\n\t\t\t\t\t\t<\/div>\n\t\t\t<\/div>\n\t\t<\/div>\n\t\t\t\t\t\t<\/div>\n\t\t\t<\/div>\n\t\t<\/section>\n\t\t\t\t\t\t<\/div>\n\t\t\t<\/div>\n\t\t<\/div>\n\t\t","protected":false},"excerpt":{"rendered":"<p>Sobre a Psicoterapia Atendimento Online Atendimento Presencial Forma\u00e7\u00e3o Agende uma Consulta &#8220;Um dia, quando olhares para tr\u00e1s, ver\u00e1 que os dias mais belos foram aqueles em que lutaste&#8221; FREUD, Sigmund Sobre a Psicoterapia Os la\u00e7os<span class=\"more-button\"><a href=\"https:\/\/guilhermeabreupsi.com.br\/\" class=\"more-link\">Continue reading<span class=\"screen-reader-text\">In\u00edcio<\/span><i class=\"fa fa-angle-right\" aria-hidden=\"true\"><\/i><\/a><\/span><\/p>\n","protected":false},"author":1,"featured_media":405,"parent":0,"menu_order":0,"comment_status":"closed","ping_status":"closed","template":"elementor_canvas","meta":{"footnotes":""},"class_list":["post-371","page","type-page","status-publish","has-post-thumbnail","hentry"],"_links":{"self":[{"href":"https:\/\/guilhermeabreupsi.com.br\/index.php?rest_route=\/wp\/v2\/pages\/371","targetHints":{"allow":["GET"]}}],"collection":[{"href":"https:\/\/guilhermeabreupsi.com.br\/index.php?rest_route=\/wp\/v2\/pages"}],"about":[{"href":"https:\/\/guilhermeabreupsi.com.br\/index.php?rest_route=\/wp\/v2\/types\/page"}],"author":[{"embeddable":true,"href":"https:\/\/guilhermeabreupsi.com.br\/index.php?rest_route=\/wp\/v2\/users\/1"}],"replies":[{"embeddable":true,"href":"https:\/\/guilhermeabreupsi.com.br\/index.php?rest_route=%2Fwp%2Fv2%2Fcomments&post=371"}],"version-history":[{"count":80,"href":"https:\/\/guilhermeabreupsi.com.br\/index.php?rest_route=\/wp\/v2\/pages\/371\/revisions"}],"predecessor-version":[{"id":540,"href":"https:\/\/guilhermeabreupsi.com.br\/index.php?rest_route=\/wp\/v2\/pages\/371\/revisions\/540"}],"wp:featuredmedia":[{"embeddable":true,"href":"https:\/\/guilhermeabreupsi.com.br\/index.php?rest_route=\/wp\/v2\/media\/405"}],"wp:attachment":[{"href":"https:\/\/guilhermeabreupsi.com.br\/index.php?rest_route=%2Fwp%2Fv2%2Fmedia&parent=371"}],"curies":[{"name":"wp","href":"https:\/\/api.w.org\/{rel}","templated":true}]}}